{"id":3621,"date":"2025-07-08T12:57:25","date_gmt":"2025-07-08T12:57:25","guid":{"rendered":"https:\/\/www.akademiatenisowazabrze.pl\/?page_id=3621"},"modified":"2026-03-18T11:59:50","modified_gmt":"2026-03-18T11:59:50","slug":"kalendarz","status":"publish","type":"page","link":"https:\/\/www.akademiatenisowazabrze.pl\/?page_id=3621","title":{"rendered":"Kalendarz"},"content":{"rendered":"\t\t<div data-elementor-type=\"wp-page\" data-elementor-id=\"3621\" class=\"elementor elementor-3621\" data-elementor-post-type=\"page\">\n\t\t\t\t<div class=\"elementor-element elementor-element-3309788b e-flex e-con-boxed e-con e-parent\" data-id=\"3309788b\" data-element_type=\"container\" data-e-type=\"container\" data-settings=\"{&quot;background_background&quot;:&quot;classic&quot;,&quot;shape_divider_bottom&quot;:&quot;opacity-fan&quot;}\">\n\t\t\t\t\t<div class=\"e-con-inner\">\n\t\t\t\t<div class=\"elementor-shape elementor-shape-bottom\" aria-hidden=\"true\" data-negative=\"false\">\n\t\t\t<svg xmlns=\"http:\/\/www.w3.org\/2000\/svg\" viewBox=\"0 0 283.5 19.6\" preserveAspectRatio=\"none\">\n\t<path class=\"elementor-shape-fill\" style=\"opacity:0.33\" d=\"M0 0L0 18.8 141.8 4.1 283.5 18.8 283.5 0z\"\/>\n\t<path class=\"elementor-shape-fill\" style=\"opacity:0.33\" d=\"M0 0L0 12.6 141.8 4 283.5 12.6 283.5 0z\"\/>\n\t<path class=\"elementor-shape-fill\" style=\"opacity:0.33\" d=\"M0 0L0 6.4 141.8 4 283.5 6.4 283.5 0z\"\/>\n\t<path class=\"elementor-shape-fill\" d=\"M0 0L0 1.2 141.8 4 283.5 1.2 283.5 0z\"\/>\n<\/svg>\t\t<\/div>\n\t\t<div class=\"elementor-element elementor-element-201d291e e-con-full e-flex e-con e-child\" data-id=\"201d291e\" data-element_type=\"container\" data-e-type=\"container\">\n\t\t<div class=\"elementor-element elementor-element-649b676f e-con-full e-flex e-con e-child\" data-id=\"649b676f\" data-element_type=\"container\" data-e-type=\"container\">\n\t\t\t\t<div class=\"elementor-element elementor-element-7374d34 elementor-widget elementor-widget-ucaddon_event_box\" data-id=\"7374d34\" data-element_type=\"widget\" data-e-type=\"widget\" data-widget_type=\"ucaddon_event_box.default\">\n\t\t\t\t<div class=\"elementor-widget-container\">\n\t\t\t\t\t\n<!-- start Event Box -->\n\t\t<link id='font-awesome-css' href='https:\/\/www.akademiatenisowazabrze.pl\/wp-content\/plugins\/unlimited-elements-for-elementor\/assets_libraries\/font-awesome6\/fontawesome-all.min.css' type='text\/css' rel='stylesheet' >\n\t\t<link id='font-awesome-4-shim-css' href='https:\/\/www.akademiatenisowazabrze.pl\/wp-content\/plugins\/unlimited-elements-for-elementor\/assets_libraries\/font-awesome6\/fontawesome-v4-shims.min.css' type='text\/css' rel='stylesheet' >\n\n<style>\/* widget: Event Box *\/\n\n#uc_event_box_elementor_7374d34 * { \n\tbox-sizing: border-box; \n}\n\n#uc_event_box_elementor_7374d34, \n#uc_event_box_elementor_7374d34 ._blox_event_box{\n  overflow:hidden;\n}\n\n#uc_event_box_elementor_7374d34 img{ \n  width:100%;\n} \n\n#uc_event_box_elementor_7374d34 ._blox_event_box ._blox_image_box{\n\tposition:relative;\n}\n\n#uc_event_box_elementor_7374d34 ._blox_event_box ._blox_image_box img{\n\twidth:100%;\n\tdisplay:block;\n    object-fit: cover;\n}\n\n#uc_event_box_elementor_7374d34 ._blox_event_box ._blox_image_box a{\n  display:block;\n}\n\n#uc_event_box_elementor_7374d34 ._blox_date_box{\n\tdisplay:flex;\n    flex-direction:column;\n    text-align:center;\n    position:relative;\n    z-index:1;\n    overflow:hidden;\n}\n\n._blox_date{\n\tfont-size:32px;\n}\n\n._blox_paragraph{\n  font-size:21px;\n}\n\n#uc_event_box_elementor_7374d34 a._blox_book_now{\n\ttext-align:center;\n\ttext-decoration:none;\n    transition:0.3s;\n}\n\n#uc_event_box_elementor_7374d34 .ue_event_box_overlay{\n  position:absolute;\n  top:0;\n  left:0;\n  right:0;\n  bottom:0;\n  display:flex;\n}\n\n#uc_event_box_elementor_7374d34 .ue_list_row{\n  display:flex;\n  align-items: center; \n}\n\n#uc_event_box_elementor_7374d34 .ue_list_row_icon{\n  flex-grow:0;\n  flex-shrink:0;\n}\n\n#uc_event_box_elementor_7374d34 .ue_list_row_spacing{\n  flex-grow:0;\n  flex-shrink:0;\n}\n\n#uc_event_box_elementor_7374d34 .ue_list_row_icon svg{\n  width:1em;\n  height:1em;\n}\n\n#uc_event_box_elementor_7374d34 .ue_badge{\n  position: absolute;\n    top: 16px;\n    \t\n    left: -70px;transform: rotate(-45deg);    padding: 5px 0px;\n    width: 200px;\n    text-align: center;\n    box-sizing: border-box;\n    z-index:2;\n}\n\n.ue_badge{\n  font-size:10px;\n  line-height:1em;\n}\n\n#uc_event_box_elementor_7374d34 .ue-content{\n\tposition: relative;\n}\n\n\n  #uc_event_box_elementor_7374d34 .ue-content{\n    position:absolute;\n    opacity:0;\n    transition:0.3s;\n    top:0;\n    bottom:0;\n    right:0;\n    left:0;\n    height:100%;\n    width:100%;\n    display:flex;\n    align-items:center;\n    justify-content:center;\n    flex-direction:column;\n  }\n\n  #uc_event_box_elementor_7374d34:hover .ue-content{\n    opacity:1;\n  }\n\n\n#uc_event_box_elementor_7374d34 .ue_event_box_footer{\n  width:100%;\n}\n\n<\/style>\n\n\n<div id=\"uc_event_box_elementor_7374d34\" class=\"_blox_clean_event_box\">\n  <div class=\"_blox_event_box\">\n          \n            \n      <div class=\"_blox_image_box\">\n\n                  <img fetchpriority=\"high\" decoding=\"async\" src=\"https:\/\/www.akademiatenisowazabrze.pl\/wp-content\/uploads\/2026\/01\/turnPLCZ.png\" alt=\"turnPLCZ\"  src=\"https:\/\/www.akademiatenisowazabrze.pl\/wp-content\/uploads\/2026\/01\/turnPLCZ.png\" alt=\"turnPLCZ\" width=\"761\" height=\"615\">\n        \t\n\n        <div class=\"ue_event_box_overlay\">\n\n          \t\n\n          <div class=\"ue_badge\">POL-CZE<\/div>\t\n\n        <\/div>      <\/div>    \n              \n    <div class=\"ue-content\">\n          \n                  \n      <div class=\"_blox_content_box\">\n        <div class=\"_blox_paragraph\" role=\"heading\" aria-level=\"3\">Turniej Przyja\u017ani Polska - Czechy<\/div>        <div class=\"_blox_text\"><p>IBIS HOTEL ZABRZE<br \/>30% OFF!<br \/>Zadzwo\u0144 na recepcj\u0119 i zarezerwuj<br \/>Haslo: Akademia Tenisowa Zabrze<\/p><\/div>                                \n        <div class=\"ue_container_list\" role=\"list\">\n          <div class=\"ue_list_row\" role=\"listitem\">\n  <div class=\"ue_list_row_icon\" aria-hidden=\"true\"><i class='fas fa-location-arrow'><\/i><\/div>\n  <div class=\"ue_list_row_spacing\"><\/div>\n  <div class=\"ue_list_row_text\">ul Pilsudskiego 83 - Zabrze<\/div>\n  <\/div>\n<div class=\"ue_list_row\" role=\"listitem\">\n  <div class=\"ue_list_row_icon\" aria-hidden=\"true\"><i class='far fa-calendar-check'><\/i><\/div>\n  <div class=\"ue_list_row_spacing\"><\/div>\n  <div class=\"ue_list_row_text\">21-23 Marzec 2026<\/div>\n  <\/div>\n\n        <\/div>\n      <\/div>        \n              <div class=\"ue_event_box_footer\">\n          <a class=\"_blox_book_now uc_more_btn\" href=\"\" >IBIS ZABRZE +48 32 777 70 00<\/a>                  <\/div>\n                 \n    <\/div>  <\/div><\/div>\n<!-- end Event Box -->\t\t\t\t<\/div>\n\t\t\t\t<\/div>\n\t\t\t\t<\/div>\n\t\t<div class=\"elementor-element elementor-element-7aef0449 e-con-full e-flex e-con e-child\" data-id=\"7aef0449\" data-element_type=\"container\" data-e-type=\"container\">\n\t\t\t\t<div class=\"elementor-element elementor-element-ddef75e elementor-widget elementor-widget-ucaddon_event_box\" data-id=\"ddef75e\" data-element_type=\"widget\" data-e-type=\"widget\" data-widget_type=\"ucaddon_event_box.default\">\n\t\t\t\t<div class=\"elementor-widget-container\">\n\t\t\t\t\t\n<!-- start Event Box -->\n\n<style>\/* widget: Event Box *\/\n\n#uc_event_box_elementor_ddef75e * { \n\tbox-sizing: border-box; \n}\n\n#uc_event_box_elementor_ddef75e, \n#uc_event_box_elementor_ddef75e ._blox_event_box{\n  overflow:hidden;\n}\n\n#uc_event_box_elementor_ddef75e img{ \n  width:100%;\n} \n\n#uc_event_box_elementor_ddef75e ._blox_event_box ._blox_image_box{\n\tposition:relative;\n}\n\n#uc_event_box_elementor_ddef75e ._blox_event_box ._blox_image_box img{\n\twidth:100%;\n\tdisplay:block;\n    object-fit: cover;\n}\n\n#uc_event_box_elementor_ddef75e ._blox_event_box ._blox_image_box a{\n  display:block;\n}\n\n#uc_event_box_elementor_ddef75e ._blox_date_box{\n\tdisplay:flex;\n    flex-direction:column;\n    text-align:center;\n    position:relative;\n    z-index:1;\n    overflow:hidden;\n}\n\n._blox_date{\n\tfont-size:32px;\n}\n\n._blox_paragraph{\n  font-size:21px;\n}\n\n#uc_event_box_elementor_ddef75e a._blox_book_now{\n\ttext-align:center;\n\ttext-decoration:none;\n    transition:0.3s;\n}\n\n#uc_event_box_elementor_ddef75e .ue_event_box_overlay{\n  position:absolute;\n  top:0;\n  left:0;\n  right:0;\n  bottom:0;\n  display:flex;\n}\n\n#uc_event_box_elementor_ddef75e .ue_list_row{\n  display:flex;\n  align-items: center; \n}\n\n#uc_event_box_elementor_ddef75e .ue_list_row_icon{\n  flex-grow:0;\n  flex-shrink:0;\n}\n\n#uc_event_box_elementor_ddef75e .ue_list_row_spacing{\n  flex-grow:0;\n  flex-shrink:0;\n}\n\n#uc_event_box_elementor_ddef75e .ue_list_row_icon svg{\n  width:1em;\n  height:1em;\n}\n\n#uc_event_box_elementor_ddef75e .ue_badge{\n  position: absolute;\n    top: 16px;\n    \t\n    left: -70px;transform: rotate(-45deg);    padding: 5px 0px;\n    width: 200px;\n    text-align: center;\n    box-sizing: border-box;\n    z-index:2;\n}\n\n.ue_badge{\n  font-size:10px;\n  line-height:1em;\n}\n\n#uc_event_box_elementor_ddef75e .ue-content{\n\tposition: relative;\n}\n\n\n  #uc_event_box_elementor_ddef75e .ue-content{\n    position:absolute;\n    opacity:0;\n    transition:0.3s;\n    top:0;\n    bottom:0;\n    right:0;\n    left:0;\n    height:100%;\n    width:100%;\n    display:flex;\n    align-items:center;\n    justify-content:center;\n    flex-direction:column;\n  }\n\n  #uc_event_box_elementor_ddef75e:hover .ue-content{\n    opacity:1;\n  }\n\n\n#uc_event_box_elementor_ddef75e .ue_event_box_footer{\n  width:100%;\n}\n\n<\/style>\n\n\n<div id=\"uc_event_box_elementor_ddef75e\" class=\"_blox_clean_event_box\">\n  <div class=\"_blox_event_box\">\n          \n            \n      <div class=\"_blox_image_box\">\n\n                  <img decoding=\"async\" src=\"https:\/\/www.akademiatenisowazabrze.pl\/wp-content\/uploads\/2026\/01\/OTKU14Marzec.png\" alt=\"OTKU14Marzec\"  src=\"https:\/\/www.akademiatenisowazabrze.pl\/wp-content\/uploads\/2026\/01\/OTKU14Marzec.png\" alt=\"OTKU14Marzec\" width=\"652\" height=\"630\">\n        \t\n\n        <div class=\"ue_event_box_overlay\">\n\n          \t\n\n          <div class=\"ue_badge\">OTK<\/div>\t\n\n        <\/div>      <\/div>    \n              \n    <div class=\"ue-content\">\n          \n                  \n      <div class=\"_blox_content_box\">\n        <div class=\"_blox_paragraph\" role=\"heading\" aria-level=\"3\">OTK-U14 Hala<\/div>        <div class=\"_blox_text\"><p>IBIS HOTEL ZABRZE<br \/>30% ZNI\u017bKA!<\/p><p>Zadzwo\u0144 na recepcje i zarezerwuj.<\/p><p>HAS\u0141O: Akademia Tenisowa Zabrze<\/p><\/div>                                \n        <div class=\"ue_container_list\" role=\"list\">\n          <div class=\"ue_list_row\" role=\"listitem\">\n  <div class=\"ue_list_row_icon\" aria-hidden=\"true\"><i class='fas fa-location-arrow'><\/i><\/div>\n  <div class=\"ue_list_row_spacing\"><\/div>\n  <div class=\"ue_list_row_text\">ul Pilsudskiego 83 - Zabrze<\/div>\n  <\/div>\n<div class=\"ue_list_row\" role=\"listitem\">\n  <div class=\"ue_list_row_icon\" aria-hidden=\"true\"><i class='far fa-calendar-check'><\/i><\/div>\n  <div class=\"ue_list_row_spacing\"><\/div>\n  <div class=\"ue_list_row_text\">28-30 Marzec 2026<\/div>\n  <\/div>\n\n        <\/div>\n      <\/div>        \n              <div class=\"ue_event_box_footer\">\n          <a class=\"_blox_book_now uc_more_btn\" href=\"\" >IBIS ZABRZE +48 32 777 70 00<\/a>                  <\/div>\n                 \n    <\/div>  <\/div><\/div>\n<!-- end Event Box -->\t\t\t\t<\/div>\n\t\t\t\t<\/div>\n\t\t\t\t<\/div>\n\t\t<div class=\"elementor-element elementor-element-36c26ddb e-con-full e-flex e-con e-child\" data-id=\"36c26ddb\" data-element_type=\"container\" data-e-type=\"container\">\n\t\t\t\t<div class=\"elementor-element elementor-element-fe94e62 elementor-widget elementor-widget-ucaddon_event_box\" data-id=\"fe94e62\" data-element_type=\"widget\" data-e-type=\"widget\" data-widget_type=\"ucaddon_event_box.default\">\n\t\t\t\t<div class=\"elementor-widget-container\">\n\t\t\t\t\t\n<!-- start Event Box -->\n\n<style>\/* widget: Event Box *\/\n\n#uc_event_box_elementor_fe94e62 * { \n\tbox-sizing: border-box; \n}\n\n#uc_event_box_elementor_fe94e62, \n#uc_event_box_elementor_fe94e62 ._blox_event_box{\n  overflow:hidden;\n}\n\n#uc_event_box_elementor_fe94e62 img{ \n  width:100%;\n} \n\n#uc_event_box_elementor_fe94e62 ._blox_event_box ._blox_image_box{\n\tposition:relative;\n}\n\n#uc_event_box_elementor_fe94e62 ._blox_event_box ._blox_image_box img{\n\twidth:100%;\n\tdisplay:block;\n    object-fit: cover;\n}\n\n#uc_event_box_elementor_fe94e62 ._blox_event_box ._blox_image_box a{\n  display:block;\n}\n\n#uc_event_box_elementor_fe94e62 ._blox_date_box{\n\tdisplay:flex;\n    flex-direction:column;\n    text-align:center;\n    position:relative;\n    z-index:1;\n    overflow:hidden;\n}\n\n._blox_date{\n\tfont-size:32px;\n}\n\n._blox_paragraph{\n  font-size:21px;\n}\n\n#uc_event_box_elementor_fe94e62 a._blox_book_now{\n\ttext-align:center;\n\ttext-decoration:none;\n    transition:0.3s;\n}\n\n#uc_event_box_elementor_fe94e62 .ue_event_box_overlay{\n  position:absolute;\n  top:0;\n  left:0;\n  right:0;\n  bottom:0;\n  display:flex;\n}\n\n#uc_event_box_elementor_fe94e62 .ue_list_row{\n  display:flex;\n  align-items: center; \n}\n\n#uc_event_box_elementor_fe94e62 .ue_list_row_icon{\n  flex-grow:0;\n  flex-shrink:0;\n}\n\n#uc_event_box_elementor_fe94e62 .ue_list_row_spacing{\n  flex-grow:0;\n  flex-shrink:0;\n}\n\n#uc_event_box_elementor_fe94e62 .ue_list_row_icon svg{\n  width:1em;\n  height:1em;\n}\n\n#uc_event_box_elementor_fe94e62 .ue_badge{\n  position: absolute;\n    top: 16px;\n    \t\n    left: -70px;transform: rotate(-45deg);    padding: 5px 0px;\n    width: 200px;\n    text-align: center;\n    box-sizing: border-box;\n    z-index:2;\n}\n\n.ue_badge{\n  font-size:10px;\n  line-height:1em;\n}\n\n#uc_event_box_elementor_fe94e62 .ue-content{\n\tposition: relative;\n}\n\n\n  #uc_event_box_elementor_fe94e62 .ue-content{\n    position:absolute;\n    opacity:0;\n    transition:0.3s;\n    top:0;\n    bottom:0;\n    right:0;\n    left:0;\n    height:100%;\n    width:100%;\n    display:flex;\n    align-items:center;\n    justify-content:center;\n    flex-direction:column;\n  }\n\n  #uc_event_box_elementor_fe94e62:hover .ue-content{\n    opacity:1;\n  }\n\n\n#uc_event_box_elementor_fe94e62 .ue_event_box_footer{\n  width:100%;\n}\n\n<\/style>\n\n\n<div id=\"uc_event_box_elementor_fe94e62\" class=\"_blox_clean_event_box\">\n  <div class=\"_blox_event_box\">\n          \n            \n      <div class=\"_blox_image_box\">\n\n                  <img decoding=\"async\" src=\"https:\/\/www.akademiatenisowazabrze.pl\/wp-content\/uploads\/2026\/01\/OTKU12Luty.png\" alt=\"OTKU12Luty\"  src=\"https:\/\/www.akademiatenisowazabrze.pl\/wp-content\/uploads\/2026\/01\/OTKU12Luty.png\" alt=\"OTKU12Luty\" width=\"656\" height=\"633\">\n        \t\n\n        <div class=\"ue_event_box_overlay\">\n\n          \t\n\n          \t\n\n        <\/div>      <\/div>    \n              \n    <div class=\"ue-content\">\n          \n                  \n      <div class=\"_blox_content_box\">\n        <div class=\"_blox_paragraph\" role=\"heading\" aria-level=\"3\">OTK-U12 Hala<\/div>                                        \n        <div class=\"ue_container_list\" role=\"list\">\n          <div class=\"ue_list_row\" role=\"listitem\">\n  <div class=\"ue_list_row_icon\" aria-hidden=\"true\"><i class='fas fa-location-arrow'><\/i><\/div>\n  <div class=\"ue_list_row_spacing\"><\/div>\n  <div class=\"ue_list_row_text\">ul Pilsudskiego 83 - Zabrze<\/div>\n  <\/div>\n<div class=\"ue_list_row\" role=\"listitem\">\n  <div class=\"ue_list_row_icon\" aria-hidden=\"true\"><i class='far fa-calendar-check'><\/i><\/div>\n  <div class=\"ue_list_row_spacing\"><\/div>\n  <div class=\"ue_list_row_text\">7-9 Luty 2026<\/div>\n  <\/div>\n\n        <\/div>\n      <\/div>        \n              <div class=\"ue_event_box_footer\">\n          <a class=\"_blox_book_now uc_more_btn\" href=\"https:\/\/portal.pzt.pl\/TournamentResults.aspx?TournamentID=ED513A6E-02EB-48A4-BFF4-859833FF6546\" >ZAKO\u0143CZONY<\/a>                  <\/div>\n                 \n    <\/div>  <\/div><\/div>\n<!-- end Event Box -->\t\t\t\t<\/div>\n\t\t\t\t<\/div>\n\t\t\t\t<\/div>\n\t\t\t\t<\/div>\n\t\t\t\t\t<\/div>\n\t\t\t\t<\/div>\n\t\t\t\t<\/div>\n\t\t","protected":false},"excerpt":{"rendered":"<p>POL-CZE Turniej Przyja\u017ani Polska &#8211; Czechy IBIS HOTEL ZABRZE30% OFF!Zadzwo\u0144 na recepcj\u0119 i zarezerwujHaslo: Akademia Tenisowa Zabrze ul Pilsudskiego 83 &#8211; Zabrze 21-23 Marzec 2026 IBIS ZABRZE +48 32 777 70 00 OTK OTK-U14 Hala IBIS HOTEL ZABRZE30% ZNI\u017bKA! Zadzwo\u0144 na recepcje i zarezerwuj. HAS\u0141O: Akademia Tenisowa Zabrze ul Pilsudskiego 83 &#8211; Zabrze 28-30 Marzec [&hellip;]<\/p>\n","protected":false},"author":1,"featured_media":0,"parent":0,"menu_order":0,"comment_status":"closed","ping_status":"closed","template":"elementor_header_footer","meta":{"_themeisle_gutenberg_block_has_review":false,"footnotes":""},"class_list":["post-3621","page","type-page","status-publish","hentry"],"_links":{"self":[{"href":"https:\/\/www.akademiatenisowazabrze.pl\/index.php?rest_route=\/wp\/v2\/pages\/3621","targetHints":{"allow":["GET"]}}],"collection":[{"href":"https:\/\/www.akademiatenisowazabrze.pl\/index.php?rest_route=\/wp\/v2\/pages"}],"about":[{"href":"https:\/\/www.akademiatenisowazabrze.pl\/index.php?rest_route=\/wp\/v2\/types\/page"}],"author":[{"embeddable":true,"href":"https:\/\/www.akademiatenisowazabrze.pl\/index.php?rest_route=\/wp\/v2\/users\/1"}],"replies":[{"embeddable":true,"href":"https:\/\/www.akademiatenisowazabrze.pl\/index.php?rest_route=%2Fwp%2Fv2%2Fcomments&post=3621"}],"version-history":[{"count":73,"href":"https:\/\/www.akademiatenisowazabrze.pl\/index.php?rest_route=\/wp\/v2\/pages\/3621\/revisions"}],"predecessor-version":[{"id":4130,"href":"https:\/\/www.akademiatenisowazabrze.pl\/index.php?rest_route=\/wp\/v2\/pages\/3621\/revisions\/4130"}],"wp:attachment":[{"href":"https:\/\/www.akademiatenisowazabrze.pl\/index.php?rest_route=%2Fwp%2Fv2%2Fmedia&parent=3621"}],"curies":[{"name":"wp","href":"https:\/\/api.w.org\/{rel}","templated":true}]}}